{"id":698,"date":"2017-03-02T06:43:44","date_gmt":"2017-03-02T05:43:44","guid":{"rendered":"http:\/\/www.magmadev.com\/perso\/?page_id=698"},"modified":"2017-03-02T06:44:06","modified_gmt":"2017-03-02T05:44:06","slug":"scene-surrealiste-a-varanasi","status":"publish","type":"page","link":"http:\/\/www.magmadev.com\/perso\/videos\/scene-surrealiste-a-varanasi\/","title":{"rendered":"Sc\u00e8ne surr\u00e9aliste \u00e0 Varanasi"},"content":{"rendered":"<div  class='avia-video avia-video-4-3 avia-video-html5 '  itemprop=\"video\" itemtype=\"https:\/\/schema.org\/VideoObject\" ><video class=\"avia_video\"  controls id=\"player_698_1355887591_275162944\" >\t<source src=\"http:\/\/www.magmadev.com\/perso\/wp-content\/uploads\/2017\/03\/VaranasiSurrealiste.mp4\" type=\"video\/mp4\" \/><\/video><\/div>\n","protected":false},"excerpt":{"rendered":"","protected":false},"author":2,"featured_media":0,"parent":683,"menu_order":0,"comment_status":"closed","ping_status":"closed","template":"","meta":{"footnotes":""},"class_list":["post-698","page","type-page","status-publish","hentry"],"_links":{"self":[{"href":"http:\/\/www.magmadev.com\/perso\/wp-json\/wp\/v2\/pages\/698","targetHints":{"allow":["GET"]}}],"collection":[{"href":"http:\/\/www.magmadev.com\/perso\/wp-json\/wp\/v2\/pages"}],"about":[{"href":"http:\/\/www.magmadev.com\/perso\/wp-json\/wp\/v2\/types\/page"}],"author":[{"embeddable":true,"href":"http:\/\/www.magmadev.com\/perso\/wp-json\/wp\/v2\/users\/2"}],"replies":[{"embeddable":true,"href":"http:\/\/www.magmadev.com\/perso\/wp-json\/wp\/v2\/comments?post=698"}],"version-history":[{"count":2,"href":"http:\/\/www.magmadev.com\/perso\/wp-json\/wp\/v2\/pages\/698\/revisions"}],"predecessor-version":[{"id":701,"href":"http:\/\/www.magmadev.com\/perso\/wp-json\/wp\/v2\/pages\/698\/revisions\/701"}],"up":[{"embeddable":true,"href":"http:\/\/www.magmadev.com\/perso\/wp-json\/wp\/v2\/pages\/683"}],"wp:attachment":[{"href":"http:\/\/www.magmadev.com\/perso\/wp-json\/wp\/v2\/media?parent=698"}],"curies":[{"name":"wp","href":"https:\/\/api.w.org\/{rel}","templated":true}]}}