{"id":690,"date":"2017-03-01T19:44:15","date_gmt":"2017-03-01T18:44:15","guid":{"rendered":"http:\/\/www.magmadev.com\/perso\/?page_id=690"},"modified":"2017-03-01T20:08:57","modified_gmt":"2017-03-01T19:08:57","slug":"ceremonie-quotidienne-du-soir-a-ujjain","status":"publish","type":"page","link":"http:\/\/www.magmadev.com\/perso\/videos\/ceremonie-quotidienne-du-soir-a-ujjain\/","title":{"rendered":"C\u00e9r\u00e9monie quotidienne du soir \u00e0 Ujjain"},"content":{"rendered":"<div  class='avia-video avia-video-4-3 avia-video-html5 '  itemprop=\"video\" itemtype=\"https:\/\/schema.org\/VideoObject\" ><video class=\"avia_video\"  controls id=\"player_690_1882314494_80813350\" >\t<source src=\"http:\/\/www.magmadev.com\/perso\/wp-content\/uploads\/2017\/02\/RamGhat1.mp4\" type=\"video\/mp4\" \/><\/video><\/div>\n<div  class='avia-video avia-video-4-3 avia-video-html5 '  itemprop=\"video\" itemtype=\"https:\/\/schema.org\/VideoObject\" ><video class=\"avia_video\"  controls id=\"player_690_2119080564_10108283\" >\t<source src=\"http:\/\/www.magmadev.com\/perso\/wp-content\/uploads\/2017\/02\/RamGhat2.mp4\" type=\"video\/mp4\" \/><\/video><\/div>\n<div  class='avia-video avia-video-4-3 avia-video-html5 '  itemprop=\"video\" itemtype=\"https:\/\/schema.org\/VideoObject\" ><video class=\"avia_video\"  controls id=\"player_690_1714827718_2134798654\" >\t<source src=\"http:\/\/www.magmadev.com\/perso\/wp-content\/uploads\/2017\/03\/RamGhat4.mp4\" type=\"video\/mp4\" \/><\/video><\/div>\n<div  class='avia-video avia-video-4-3 avia-video-html5 '  itemprop=\"video\" itemtype=\"https:\/\/schema.org\/VideoObject\" ><video class=\"avia_video\"  controls id=\"player_690_611891956_738775312\" >\t<source src=\"http:\/\/www.magmadev.com\/perso\/wp-content\/uploads\/2017\/02\/RamGhat3.mp4\" type=\"video\/mp4\" \/><\/video><\/div>\n","protected":false},"excerpt":{"rendered":"","protected":false},"author":2,"featured_media":0,"parent":683,"menu_order":1,"comment_status":"closed","ping_status":"closed","template":"","meta":{"footnotes":""},"class_list":["post-690","page","type-page","status-publish","hentry"],"_links":{"self":[{"href":"http:\/\/www.magmadev.com\/perso\/wp-json\/wp\/v2\/pages\/690","targetHints":{"allow":["GET"]}}],"collection":[{"href":"http:\/\/www.magmadev.com\/perso\/wp-json\/wp\/v2\/pages"}],"about":[{"href":"http:\/\/www.magmadev.com\/perso\/wp-json\/wp\/v2\/types\/page"}],"author":[{"embeddable":true,"href":"http:\/\/www.magmadev.com\/perso\/wp-json\/wp\/v2\/users\/2"}],"replies":[{"embeddable":true,"href":"http:\/\/www.magmadev.com\/perso\/wp-json\/wp\/v2\/comments?post=690"}],"version-history":[{"count":3,"href":"http:\/\/www.magmadev.com\/perso\/wp-json\/wp\/v2\/pages\/690\/revisions"}],"predecessor-version":[{"id":695,"href":"http:\/\/www.magmadev.com\/perso\/wp-json\/wp\/v2\/pages\/690\/revisions\/695"}],"up":[{"embeddable":true,"href":"http:\/\/www.magmadev.com\/perso\/wp-json\/wp\/v2\/pages\/683"}],"wp:attachment":[{"href":"http:\/\/www.magmadev.com\/perso\/wp-json\/wp\/v2\/media?parent=690"}],"curies":[{"name":"wp","href":"https:\/\/api.w.org\/{rel}","templated":true}]}}