{"id":683,"date":"2017-03-01T19:36:57","date_gmt":"2017-03-01T18:36:57","guid":{"rendered":"http:\/\/www.magmadev.com\/perso\/?page_id=683"},"modified":"2017-03-02T06:45:30","modified_gmt":"2017-03-02T05:45:30","slug":"videos","status":"publish","type":"page","link":"http:\/\/www.magmadev.com\/perso\/videos\/","title":{"rendered":"Vid\u00e9os"},"content":{"rendered":"<p>Compilation des quelques vid\u00e9os mises en ligne sur le site :<\/p>\n<p>&#8211; <a href=\"http:\/\/www.magmadev.com\/perso\/videos\/urban-chaos\/\">Un aper\u00e7u de l&rsquo;ambiance des rues<\/a><\/p>\n<p>&#8211; <a href=\"http:\/\/www.magmadev.com\/perso\/videos\/ceremonie-quotidienne-du-soir-a-ujjain\/\">Ambiance des c\u00e9r\u00e9monies quotidiennes dans plusieurs villes (ici Ujjain)<\/a><\/p>\n<p>&#8211; <a href=\"http:\/\/www.magmadev.com\/perso\/videos\/scene-surrealiste-a-varanasi\/\">Sc\u00e8ne compl\u00e8tement surr\u00e9aliste \u00e0 Varanasi<\/a><\/p>\n","protected":false},"excerpt":{"rendered":"<p>Compilation des quelques vid\u00e9os mises en ligne sur le site : &#8211; Un aper\u00e7u de l&rsquo;ambiance des rues &#8211; Ambiance des c\u00e9r\u00e9monies quotidiennes dans plusieurs villes (ici Ujjain) &#8211; Sc\u00e8ne compl\u00e8tement surr\u00e9aliste \u00e0 Varanasi<\/p>\n","protected":false},"author":2,"featured_media":0,"parent":0,"menu_order":0,"comment_status":"closed","ping_status":"closed","template":"","meta":{"footnotes":""},"class_list":["post-683","page","type-page","status-publish","hentry"],"_links":{"self":[{"href":"http:\/\/www.magmadev.com\/perso\/wp-json\/wp\/v2\/pages\/683","targetHints":{"allow":["GET"]}}],"collection":[{"href":"http:\/\/www.magmadev.com\/perso\/wp-json\/wp\/v2\/pages"}],"about":[{"href":"http:\/\/www.magmadev.com\/perso\/wp-json\/wp\/v2\/types\/page"}],"author":[{"embeddable":true,"href":"http:\/\/www.magmadev.com\/perso\/wp-json\/wp\/v2\/users\/2"}],"replies":[{"embeddable":true,"href":"http:\/\/www.magmadev.com\/perso\/wp-json\/wp\/v2\/comments?post=683"}],"version-history":[{"count":6,"href":"http:\/\/www.magmadev.com\/perso\/wp-json\/wp\/v2\/pages\/683\/revisions"}],"predecessor-version":[{"id":728,"href":"http:\/\/www.magmadev.com\/perso\/wp-json\/wp\/v2\/pages\/683\/revisions\/728"}],"wp:attachment":[{"href":"http:\/\/www.magmadev.com\/perso\/wp-json\/wp\/v2\/media?parent=683"}],"curies":[{"name":"wp","href":"https:\/\/api.w.org\/{rel}","templated":true}]}}